{"id":275,"date":"2012-07-11T14:31:33","date_gmt":"2012-07-11T14:31:33","guid":{"rendered":"http:\/\/www.contrabanda.org\/?page_id=275"},"modified":"2026-02-27T13:58:23","modified_gmt":"2026-02-27T12:58:23","slug":"escoltans-online","status":"publish","type":"page","link":"https:\/\/www.contrabanda.org\/ca\/escoltans-online\/","title":{"rendered":"Escolta&#8217;ns online"},"content":{"rendered":"<p>Pots sentir-nos a trav\u00e9s d&#8217;internet utilitzant el reproductor situat a la part superior dreta d&#8217;aquesta web.<\/p>\n<p>Si tens problemes per sentir-nos amb el reproductor pots introduir la seg\u00fcent adre\u00e7a al teu navegador o a qualsevol reproductor de m\u00fasica (com per exemple el <a title=\"VLC media player \" href=\"http:\/\/www.videolan.org\/vlc\/\" target=\"_blank\" rel=\"noopener\">vlc<\/a>).<\/p>\n<p><a href=\"https:\/\/radiobot.radioslibres.info\/public\/contrabanda_fm\" target=\"_blank\" rel=\"noopener\">https:\/\/radiobot.radioslibres.info\/public\/contrabanda_fm<\/a><\/p>","protected":false},"excerpt":{"rendered":"<p>Pots sentir-nos a trav\u00e9s d&#8217;internet utilitzant el reproductor situat a la part superior dreta d&#8217;aquesta web. Si tens problemes per sentir-nos amb el reproductor pots introduir la seg\u00fcent adre\u00e7a al teu navegador o a qualsevol reproductor de m\u00fasica (com per exemple el vlc). https:\/\/radiobot.radioslibres.info\/public\/contrabanda_fm<\/p>\n","protected":false},"author":1,"featured_media":0,"parent":0,"menu_order":0,"comment_status":"closed","ping_status":"open","template":"","meta":{"_acf_changed":false,"footnotes":""},"class_list":["post-275","page","type-page","status-publish","hentry"],"acf":[],"_links":{"self":[{"href":"https:\/\/www.contrabanda.org\/ca\/wp-json\/wp\/v2\/pages\/275","targetHints":{"allow":["GET"]}}],"collection":[{"href":"https:\/\/www.contrabanda.org\/ca\/wp-json\/wp\/v2\/pages"}],"about":[{"href":"https:\/\/www.contrabanda.org\/ca\/wp-json\/wp\/v2\/types\/page"}],"author":[{"embeddable":true,"href":"https:\/\/www.contrabanda.org\/ca\/wp-json\/wp\/v2\/users\/1"}],"replies":[{"embeddable":true,"href":"https:\/\/www.contrabanda.org\/ca\/wp-json\/wp\/v2\/comments?post=275"}],"version-history":[{"count":51,"href":"https:\/\/www.contrabanda.org\/ca\/wp-json\/wp\/v2\/pages\/275\/revisions"}],"predecessor-version":[{"id":4982,"href":"https:\/\/www.contrabanda.org\/ca\/wp-json\/wp\/v2\/pages\/275\/revisions\/4982"}],"wp:attachment":[{"href":"https:\/\/www.contrabanda.org\/ca\/wp-json\/wp\/v2\/media?parent=275"}],"curies":[{"name":"wp","href":"https:\/\/api.w.org\/{rel}","templated":true}]}}