{"id":377,"date":"2012-09-26T15:50:42","date_gmt":"2012-09-26T15:50:42","guid":{"rendered":"http:\/\/www.contrabanda.org\/?page_id=377"},"modified":"2015-10-19T13:44:31","modified_gmt":"2015-10-19T11:44:31","slug":"contrabanda","status":"publish","type":"page","link":"https:\/\/www.contrabanda.org\/ca\/contrabanda\/","title":{"rendered":"Qui som?"},"content":{"rendered":"<p>CONTRABANDA FM \u00e9s una r\u00e0dio lliure no comercial, assemblearia i autogestionada, que emet a les ones de Barcelona des de gener de 1991.<\/p>\n<p>El manteniment de la r\u00e0dio dep\u00e8n de les quotes que paguen les s\u00f2cies i socis, sense rebre cap subvenci\u00f3 p\u00fablica ni privada, ni incloure publicitat en la seva emisi\u00f3.<\/p>\n<p>Les persones associades participen en la presa de decisions i treballen volunt\u00e0riament per tirar endevant aquest projecte.<\/p>\n<p>Actualment emet al 91.4 de la FM i a trav\u00e9s d&#8217;intenet en aquest mateix site.<\/p>\n<p>Si vols saber m\u00e9s sobre la historia de la radio, visita el seg\u00fcent enlla\u00e7:<br \/>\n<a href=\"http:\/\/www.contrabanda.org\/wp-content\/uploads\/2012\/09\/dossier.pdf\">Dosier 2002-2004<\/a><\/p>","protected":false},"excerpt":{"rendered":"<p>CONTRABANDA FM \u00e9s una r\u00e0dio lliure no comercial, assemblearia i autogestionada, que emet a les ones de Barcelona des de gener de 1991. El manteniment de la r\u00e0dio dep\u00e8n de les quotes que paguen les s\u00f2cies i socis, sense rebre cap subvenci\u00f3 p\u00fablica ni privada, ni incloure publicitat en la seva emisi\u00f3. Les persones associades &hellip;<\/p>\n","protected":false},"author":35,"featured_media":0,"parent":0,"menu_order":0,"comment_status":"registered_only","ping_status":"open","template":"","meta":{"_acf_changed":false,"jetpack_post_was_ever_published":false,"footnotes":""},"class_list":["post-377","page","type-page","status-publish","hentry"],"acf":[],"jetpack_sharing_enabled":true,"jetpack_shortlink":"https:\/\/wp.me\/P2AtSY-65","_links":{"self":[{"href":"https:\/\/www.contrabanda.org\/ca\/wp-json\/wp\/v2\/pages\/377","targetHints":{"allow":["GET"]}}],"collection":[{"href":"https:\/\/www.contrabanda.org\/ca\/wp-json\/wp\/v2\/pages"}],"about":[{"href":"https:\/\/www.contrabanda.org\/ca\/wp-json\/wp\/v2\/types\/page"}],"author":[{"embeddable":true,"href":"https:\/\/www.contrabanda.org\/ca\/wp-json\/wp\/v2\/users\/35"}],"replies":[{"embeddable":true,"href":"https:\/\/www.contrabanda.org\/ca\/wp-json\/wp\/v2\/comments?post=377"}],"version-history":[{"count":11,"href":"https:\/\/www.contrabanda.org\/ca\/wp-json\/wp\/v2\/pages\/377\/revisions"}],"predecessor-version":[{"id":1371,"href":"https:\/\/www.contrabanda.org\/ca\/wp-json\/wp\/v2\/pages\/377\/revisions\/1371"}],"wp:attachment":[{"href":"https:\/\/www.contrabanda.org\/ca\/wp-json\/wp\/v2\/media?parent=377"}],"curies":[{"name":"wp","href":"https:\/\/api.w.org\/{rel}","templated":true}]}}