{"id":411,"date":"2012-09-28T16:39:15","date_gmt":"2012-09-28T16:39:15","guid":{"rendered":"http:\/\/www.contrabanda.org\/?page_id=411"},"modified":"2014-05-15T22:12:59","modified_gmt":"2014-05-15T22:12:59","slug":"associat-i-participa","status":"publish","type":"page","link":"https:\/\/www.contrabanda.org\/ca\/associat-i-participa\/","title":{"rendered":"Associa&#8217;t i participa!"},"content":{"rendered":"<p>Contrabanda FM \u00e9s un col\u00b7lectiu autogestionat, independent i no comercial, aix\u00f2 significa que el manteniment i desenvolupament del medi i l&#8217;associaci\u00f3 dep\u00e8n de les quotes de socis i les activitats realitzades per l&#8217;associaci\u00f3. Contrabanda FM va n\u00e9ixer com alternativa a l&#8217; &#8220;oficialitat&#8221; i la &#8220;institucionalitat&#8221; i considerem que l&#8217;autogesti\u00f3 \u00e9s la millor manera de mantenir la independ\u00e8ncia.<\/p>\n<p>L&#8217;exist\u00e8ncia i autogesti\u00f3 de medis com aquest tamb\u00e9 necessita de la teva col\u00b7laboraci\u00f3.<\/p>\n<p>La millor manera de col\u00b7laborar i participar amb el projecte Contrabanda FM \u00e9s associant-se (la quota de soci col\u00b7laborador s\u00f3n 15\u20ac trimestrals). La condici\u00f3 de soci permet la participaci\u00f3 directa a l&#8217;assemblea i a les comissions de treball pel manteniment i desenvolupament del medi i del projecte. Si hi est\u00e0s interessat, omple el \u00a0formulari que hi ha m\u00e9s abaix i ens posarem en contacte amb tu.<\/p>\n<p>Tamb\u00e9 pots col\u00b7laborar mitjan\u00e7ant aportacions volunt\u00e0ries, les quals es poden fer efectives en aquest n\u00famero de compte:<\/p>\n<p align=\"center\">Associaci\u00f3 Cultural Contrabanda FM<\/p>\n<p align=\"center\">N\u00ba d&#8217;IBAN: ES50 3025-0002-47-1433237241 (Caixa d&#8217;enginyers)<\/p>\n<p><strong>Fes-te soci\/a de Contrabanda FM<\/strong><\/p>\n<p style=\"text-align: left\" align=\"center\"><div data-test='contact-form' id='contact-form-411-2-1' class='wp-block-jetpack-contact-form-container '>\n<form action='https:\/\/www.contrabanda.org\/ca\/associat-i-participa\/#contact-form-411-2-1' method='post' class='contact-form commentsblock' aria-label=\"&lt;!--:es--&gt;\u00a1As\u00f3ciate y participa!&lt;!--:--&gt;&lt;!--:ca--&gt;Associa&#039;t i participa!&lt;!--:--&gt;\" novalidate>\n \n<div style=\"\" class='grunion-field-name-wrap grunion-field-wrap'  >\n<label\n\t\t\t\tfor='g411-2-1-nom'\n\t\t\t\tclass='grunion-field-label name'>Nom<span class=\"grunion-label-required\" aria-hidden=\"true\">(required)<\/span><\/label>\n<input\n\t\t\t\t\ttype='text'\n\t\t\t\t\tname='g411-2-1-nom'\n\t\t\t\t\tid='g411-2-1-nom'\n\t\t\t\t\tvalue=''\n\t\t\t\t\tclass='name  grunion-field' \n\t\t\t\t\trequired aria-required='true' \/>\n\t<\/div>\n \n<div style=\"\" class='grunion-field-email-wrap grunion-field-wrap'  >\n<label\n\t\t\t\tfor='g411-2-1-correuelectrnic'\n\t\t\t\tclass='grunion-field-label email'>Correu electr\u00f2nic<span class=\"grunion-label-required\" aria-hidden=\"true\">(required)<\/span><\/label>\n<input\n\t\t\t\t\ttype='email'\n\t\t\t\t\tname='g411-2-1-correuelectrnic'\n\t\t\t\t\tid='g411-2-1-correuelectrnic'\n\t\t\t\t\tvalue=''\n\t\t\t\t\tclass='email  grunion-field' \n\t\t\t\t\trequired aria-required='true' \/>\n\t<\/div>\n \n<div style=\"\" class='grunion-field-textarea-wrap grunion-field-wrap'  >\n<label\n\t\t\t\tfor='contact-form-comment-g411-2-1-comentaris'\n\t\t\t\tclass='grunion-field-label textarea'>Comentaris<\/label>\n<textarea\n\t\t                style=''\n\t\t                name='g411-2-1-comentaris'\n\t\t                id='contact-form-comment-g411-2-1-comentaris'\n\t\t                rows='20' class='textarea  grunion-field'  ><\/textarea>\n\t<\/div>\n \r\n\r\n<div class=\"si_captcha_small\"><img loading=\"lazy\" decoding=\"async\" id=\"si_image_jetpack\" src=\"https:\/\/www.contrabanda.org\/wp-content\/plugins\/si-captcha-for-wordpress\/captcha\/securimage_show.php?si_sm_captcha=1&amp;si_form_id=jetpack&amp;prefix=mh05CZK9C8xtsUcp\" width=\"132\" height=\"45\" alt=\"CAPTCHA\" title=\"CAPTCHA\" \/>\n    <input id=\"si_code_jetpack\" name=\"si_code_jetpack\" type=\"hidden\"  value=\"mh05CZK9C8xtsUcp\" \/>\n    <div id=\"si_refresh_jetpack\">\n<a href=\"#\" rel=\"nofollow\" title=\"Refresh\" onclick=\"si_captcha_refresh('si_image_jetpack','jetpack','\/wp-content\/plugins\/si-captcha-for-wordpress\/captcha','https:\/\/www.contrabanda.org\/wp-content\/plugins\/si-captcha-for-wordpress\/captcha\/securimage_show.php?si_sm_captcha=1&amp;si_form_id=jetpack&amp;prefix='); return false;\">\n      <img loading=\"lazy\" decoding=\"async\" class=\"si_captcha_refresh\" src=\"https:\/\/www.contrabanda.org\/wp-content\/plugins\/si-captcha-for-wordpress\/captcha\/images\/refresh.png\" width=\"22\" height=\"20\" alt=\"Refresh\" onclick=\"this.blur();\" \/><\/a>\r\n  <\/div>\r\n  <\/div>\r\n\r\n<div>\r\n<br \/>\r\n <label>CAPTCHA Code<br \/>\r\n<input id=\"si_captcha_code\" name=\"si_captcha_code\" class=\"input\" type=\"text\" value=\"\" \/><\/label>\r\n<\/div>\r\n\r\n\r\n        \t<p class='contact-submit'>\n\t\t<button type='submit' class='pushbutton-wide'>Submit<\/button>\t\t<input type='hidden' name='contact-form-id' value='411-2-1' \/>\n\t\t<input type='hidden' name='action' value='grunion-contact-form' \/>\n\t\t<input type='hidden' name='contact-form-hash' value='7f88c79c145fbaee90cb8585eea5eddb5cf7da5f' \/>\n\t<\/p>\n<p style=\"display: none !important;\" class=\"akismet-fields-container\" data-prefix=\"ak_\"><label>&#916;<textarea name=\"ak_hp_textarea\" cols=\"45\" rows=\"8\" maxlength=\"100\"><\/textarea><\/label><input type=\"hidden\" id=\"ak_js_2\" name=\"ak_js\" value=\"189\"\/><script>document.getElementById( \"ak_js_2\" ).setAttribute( \"value\", ( new Date() ).getTime() );<\/script><\/p><\/form>\n<\/div><\/p>\n<p><\/p>","protected":false},"excerpt":{"rendered":"<p>Contrabanda FM \u00e9s un col\u00b7lectiu autogestionat, independent i no comercial, aix\u00f2 significa que el manteniment i desenvolupament del medi i l&#8217;associaci\u00f3 dep\u00e8n de les quotes de socis i les activitats realitzades per l&#8217;associaci\u00f3. Contrabanda FM va n\u00e9ixer com alternativa a l&#8217; &#8220;oficialitat&#8221; i la &#8220;institucionalitat&#8221; i considerem que l&#8217;autogesti\u00f3 \u00e9s la millor manera de mantenir &hellip;<\/p>\n","protected":false},"author":35,"featured_media":0,"parent":0,"menu_order":0,"comment_status":"registered_only","ping_status":"open","template":"","meta":{"_acf_changed":false,"jetpack_post_was_ever_published":false,"footnotes":""},"class_list":["post-411","page","type-page","status-publish","hentry"],"acf":[],"jetpack_sharing_enabled":true,"jetpack_shortlink":"https:\/\/wp.me\/P2AtSY-6D","_links":{"self":[{"href":"https:\/\/www.contrabanda.org\/ca\/wp-json\/wp\/v2\/pages\/411","targetHints":{"allow":["GET"]}}],"collection":[{"href":"https:\/\/www.contrabanda.org\/ca\/wp-json\/wp\/v2\/pages"}],"about":[{"href":"https:\/\/www.contrabanda.org\/ca\/wp-json\/wp\/v2\/types\/page"}],"author":[{"embeddable":true,"href":"https:\/\/www.contrabanda.org\/ca\/wp-json\/wp\/v2\/users\/35"}],"replies":[{"embeddable":true,"href":"https:\/\/www.contrabanda.org\/ca\/wp-json\/wp\/v2\/comments?post=411"}],"version-history":[{"count":24,"href":"https:\/\/www.contrabanda.org\/ca\/wp-json\/wp\/v2\/pages\/411\/revisions"}],"predecessor-version":[{"id":1103,"href":"https:\/\/www.contrabanda.org\/ca\/wp-json\/wp\/v2\/pages\/411\/revisions\/1103"}],"wp:attachment":[{"href":"https:\/\/www.contrabanda.org\/ca\/wp-json\/wp\/v2\/media?parent=411"}],"curies":[{"name":"wp","href":"https:\/\/api.w.org\/{rel}","templated":true}]}}