{"id":545,"date":"2012-10-19T16:09:30","date_gmt":"2012-10-19T16:09:30","guid":{"rendered":"http:\/\/www.contrabanda.org\/?page_id=545"},"modified":"2012-10-22T16:54:24","modified_gmt":"2012-10-22T16:54:24","slug":"crea-el-teu-podcast","status":"publish","type":"page","link":"https:\/\/www.contrabanda.org\/ca\/crea-el-teu-podcast\/","title":{"rendered":"Crea el teu podcast"},"content":{"rendered":"<p><strong>Qu\u00e8 \u00e9s un podcast?<\/strong><br \/>\n&nbsp;<br \/>\nPodcast \u00e9s com s&#8217;anomena a un sistema per escoltar programes de radio a la carta, a qualsevol hora del dia, a trav\u00e9s d&#8217;Internet.<br \/>\n&nbsp;<br \/>\nL&#8217;estandarditzaci\u00f3 d&#8217;aquest format permet que es pugui escoltar a trav\u00e9s de diferents vies: podem accedir al programa a trav\u00e9s d&#8217;una web, ja sigui amb un aspecte semblant a un blog o d&#8217;un reproductor online. Tamb\u00e9 es poden utilitzar a partir d&#8217;aplicacions instal\u00b7lades al nostre ordinador que es descarreguen autom\u00e0ticament els programes nous al disc dur o directament a un reproductor port\u00e0til. Tamb\u00e9 hi ha diverses maneres de subscriure&#8217;s (tamb\u00e9 es diu sindicar-se, de l&#8217;angl\u00e8s) per a qu\u00e8 ens avisi quan hi ha disponible un nou programa.<br \/>\n&nbsp;<br \/>\nT\u00e8cnicament, tot aquest ventall de possibilitats es basen en l&#8217;\u00fas d&#8217;arxius d&#8217;\u00e0udio MP3 i l&#8217;RSS, un petit arxiu que compila la informaci\u00f3 de tots els episodis que volem que formin el nostre podcast. Aquest arxiu cont\u00e9 la informaci\u00f3 sobre qui realitza el podcast, quins temes tracta, aix\u00ed com la informaci\u00f3 de cada episodi: data de publicaci\u00f3, t\u00edtol, resum dels continguts i, el m\u00e9s important, on trobar l&#8217;arxiu d&#8217;\u00e0udio per escoltar-lo.<br \/>\n&nbsp;<br \/>\nUna vegada penjat a internet, la direcci\u00f3 URL on es troba aquest arxiu RSS s&#8217;anomena feed (per exemple: http:\/\/www.contrabanda.org\/contrabanda\/prog\/contrabanda.xml). Aquesta direcci\u00f3 \u00e9s tota la informaci\u00f3 que necessitem per accedir a tots els continguts d&#8217;un podcast, amb totes les modalitats que coment\u00e0vem anteriorment.<br \/>\n&nbsp;<br \/>\n<strong>Qui fa podcasts actualment?<\/strong><br \/>\n&nbsp;<br \/>\nEl podcast \u00e9s el sistema que utilitzen des de les r\u00e0dios comercials amb uns continguts habituals fins a persones que els fan des de casa com a afici\u00f3, igual que qui fa un blog, sobre les tem\u00e0tiques m\u00e9s variades. Entre les \u00faltimes, hi ha gent que ha creat comunitats de podcasters (persones que fan podcasts) per a ajudar-se mutuament i permetre que m\u00e9s gent s&#8217;animi a realitzar-los.<br \/>\n&nbsp;<br \/>\nLes r\u00e0dios lliures i les comunit\u00e0ries estan incorporant aquesta nova tecnologia, que complementa les emissions en directe per FM o internet. Tamb\u00e9 han aparegut projectes semblants a r\u00e0dios lliures, que es difonen exclusivament a trav\u00e9s de podcasts, o publicacions que tamb\u00e9 fan una edici\u00f3 sonora en podcast.<br \/>\n&nbsp;<br \/>\n<strong>Com utilitza Contrabanda FM els podcasts?<\/strong><br \/>\n&nbsp;<br \/>\nLa majoria de programes de Contrabanda FM ja es poden escoltar a trav\u00e9s de podcast, fent possible que arribin a m\u00e9s gent.<br \/>\n&nbsp;<br \/>\nDes d&#8217;agost de 2008, tamb\u00e9 incorporem podcasts a la nostra programaci\u00f3 (per FM i internet). Un sistema autom\u00e0tic descarrega els programes als qu\u00e8 est\u00e0 subscrit i els emet a les franges hor\u00e0ries que anomenem &#8220;altres podcasts&#8221;. En aquests espais es poden escoltar programes d&#8217;altres r\u00e0dios lliures, col\u00b7lectius o persones que el fan des de casa seva.<br \/>\n&nbsp;<br \/>\n<strong>Com podem aprendre a fer un podcast?<\/strong><br \/>\n&nbsp;<br \/>\nA les comunitats de podcasters podeu trobar molta informaci\u00f3, tutorials i recursos.<br \/>\n&nbsp;<br \/>\nActualment existeixen molts llocs a internet que ofereixen la possibilitat d&#8217;allotjar i publicar podcasts. El seu \u00fas es molt sencill, semblant al d&#8217;un blog, i n&#8217;hi ha gratu\u00efts, per\u00f2 tenen l&#8217;inconvenient d&#8217;incloure publicitat o oferir un espai limitat, poc adequat per a projectes que tinguin una continu\u00eftat i vulguin conservar l&#8217;arxiu dels programes que han fet.<br \/>\n&nbsp;<br \/>\nAlg\u00fa que ja disposi d&#8217;un espai a la xarxa pot utilitzar-lo per allotjar els MP3 i l&#8217;RSS. Per a generar i modificar l&#8217;arxiu RSS pots fer-ho editant directament el codi. Tamb\u00e9 existeix el site feedeos, on es pot publicar un podcasts a trav\u00e9s de senzills formularis.<br \/>\n&nbsp;<br \/>\nSigui el que sigui el m\u00e8tode emprat, sempre \u00e9s necessari gravar el programa, pel qu\u00e8 necessitarem un ordinador i un micr\u00f2fon. Tant per gravar veus com per afegir m\u00fasica, gravacions del carrer o efectes sonors, es pot utilitzar el programa lliure audacity.<br \/>\n&nbsp;<br \/>\n<strong>Quan podem aprendre a fer podcasts?<\/strong><br \/>\n&nbsp;<br \/>\nSi participes en algun espai on es podria organitzar un taller per a aprendre a fer podcasts, posa&#8217;t en contacte amb nosaltres a prog(at)contrabanda.org<\/p>","protected":false},"excerpt":{"rendered":"<p>Qu\u00e8 \u00e9s un podcast? &nbsp; Podcast \u00e9s com s&#8217;anomena a un sistema per escoltar programes de radio a la carta, a qualsevol hora del dia, a trav\u00e9s d&#8217;Internet. &nbsp; L&#8217;estandarditzaci\u00f3 d&#8217;aquest format permet que es pugui escoltar a trav\u00e9s de diferents vies: podem accedir al programa a trav\u00e9s d&#8217;una web, ja sigui amb un aspecte &hellip;<\/p>\n","protected":false},"author":35,"featured_media":0,"parent":0,"menu_order":0,"comment_status":"registered_only","ping_status":"open","template":"","meta":{"_acf_changed":false,"jetpack_post_was_ever_published":false,"footnotes":""},"class_list":["post-545","page","type-page","status-publish","hentry"],"acf":[],"jetpack_sharing_enabled":true,"jetpack_shortlink":"https:\/\/wp.me\/P2AtSY-8N","_links":{"self":[{"href":"https:\/\/www.contrabanda.org\/ca\/wp-json\/wp\/v2\/pages\/545","targetHints":{"allow":["GET"]}}],"collection":[{"href":"https:\/\/www.contrabanda.org\/ca\/wp-json\/wp\/v2\/pages"}],"about":[{"href":"https:\/\/www.contrabanda.org\/ca\/wp-json\/wp\/v2\/types\/page"}],"author":[{"embeddable":true,"href":"https:\/\/www.contrabanda.org\/ca\/wp-json\/wp\/v2\/users\/35"}],"replies":[{"embeddable":true,"href":"https:\/\/www.contrabanda.org\/ca\/wp-json\/wp\/v2\/comments?post=545"}],"version-history":[{"count":5,"href":"https:\/\/www.contrabanda.org\/ca\/wp-json\/wp\/v2\/pages\/545\/revisions"}],"predecessor-version":[{"id":555,"href":"https:\/\/www.contrabanda.org\/ca\/wp-json\/wp\/v2\/pages\/545\/revisions\/555"}],"wp:attachment":[{"href":"https:\/\/www.contrabanda.org\/ca\/wp-json\/wp\/v2\/media?parent=545"}],"curies":[{"name":"wp","href":"https:\/\/api.w.org\/{rel}","templated":true}]}}